{"id":100755,"date":"2022-07-18T20:44:20","date_gmt":"2022-07-18T20:44:20","guid":{"rendered":"https:\/\/mgu.puv.mybluehost.me\/?page_id=100755"},"modified":"2022-08-17T17:51:42","modified_gmt":"2022-08-17T22:51:42","slug":"blog","status":"publish","type":"page","link":"https:\/\/www.mosaicomarketing.net\/es\/blog\/","title":{"rendered":"Blog"},"content":{"rendered":"<p>[et_pb_section fb_built=&#8221;1&#8243; _builder_version=&#8221;4.17.6&#8243; _module_preset=&#8221;default&#8221; background_color=&#8221;#FDB648&#8243; background_image=&#8221;https:\/\/www.mosaicomarketing.net\/wp-content\/uploads\/2022\/08\/vhjgghgh.png&#8221; background_blend=&#8221;multiply&#8221; global_colors_info=&#8221;{}&#8221;][et_pb_row _builder_version=&#8221;4.17.6&#8243; _module_preset=&#8221;default&#8221; global_colors_info=&#8221;{}&#8221;][et_pb_column type=&#8221;4_4&#8243; _builder_version=&#8221;4.17.6&#8243; _module_preset=&#8221;default&#8221; global_colors_info=&#8221;{}&#8221;][et_pb_text _builder_version=&#8221;4.17.6&#8243; _module_preset=&#8221;default&#8221; text_text_color=&#8221;#FFFFFF&#8221; header_text_color=&#8221;#FFFFFF&#8221; global_colors_info=&#8221;{}&#8221;]<\/p>\n<h1 style=\"text-align: center;\">Mosaico Blog<\/h1>\n<p>[\/et_pb_text][\/et_pb_column][\/et_pb_row][\/et_pb_section][et_pb_section fb_built=&#8221;1&#8243; _builder_version=&#8221;4.17.6&#8243; _module_preset=&#8221;default&#8221; global_colors_info=&#8221;{}&#8221;][et_pb_row _builder_version=&#8221;4.17.6&#8243; _module_preset=&#8221;default&#8221; global_colors_info=&#8221;{}&#8221;][et_pb_column type=&#8221;4_4&#8243; _builder_version=&#8221;4.17.6&#8243; _module_preset=&#8221;default&#8221; global_colors_info=&#8221;{}&#8221;][et_pb_text _builder_version=&#8221;4.17.6&#8243; _module_preset=&#8221;default&#8221; global_colors_info=&#8221;{}&#8221;]<\/p>\n<p>\u00a1El mundo del marketing digital cambia much\u00edsimo! Y eso nos encanta. Pero por lo mismo, es f\u00e1cil perderse en el universo de informaci\u00f3n que existe alrededor del tema. Nosotros somos apasionados y expertos en el uso de \u00e9stas plataformas y creamos este blog para darte una especie de &#8220;mapa&#8221; para que encuentres tu camino en este fascinante entorno .<\/p>\n<p>En este blog podr\u00e1s leer sobre las ultimas actualizaciones, mejores pr\u00e1cticas y estrategias del marketing digital para que tu negocio crezca apoy\u00e1ndose de la pl\u00e9tora de herramientas que ofrece el mundo digital hoy en d\u00eda.\u00a0<\/p>\n<p>Nuestro objetivo es compartir la informaci\u00f3n m\u00e1s actual y relevante con un enfoque pr\u00e1ctico y ligero, para que puedas poner en marcha tu publicidad de manera estrat\u00e9gica y veas resultados en tu negocio. Si tienes alguna pregunta, deja un comentario o <a href=\"https:\/\/linktr.ee\/mosaicomarketing\" target=\"_blank\" rel=\"noopener\" title=\"S\u00edguenos en redes\"><strong>s\u00edguenos en redes<\/strong><\/a> y escr\u00edbenos cualquier duda que tengas. \u00a1Estamos para ayudarte!<\/p>\n<p>[\/et_pb_text][\/et_pb_column][\/et_pb_row][et_pb_row column_structure=&#8221;2_3,1_3&#8243; _builder_version=&#8221;4.17.6&#8243; _module_preset=&#8221;default&#8221; global_colors_info=&#8221;{}&#8221;][et_pb_column type=&#8221;2_3&#8243; _builder_version=&#8221;4.17.6&#8243; _module_preset=&#8221;default&#8221; global_colors_info=&#8221;{}&#8221;][et_pb_blog_extras posts_number=&#8221;2&#8243; blog_layout=&#8221;block_extended&#8221; excerpt_length=&#8221;150&#8243; use_read_more_button=&#8221;on&#8221; read_more_text=&#8221;Leer M\u00e1s&#8221; _builder_version=&#8221;4.17.6&#8243; _module_preset=&#8221;default&#8221; header_font_size=&#8221;30px&#8221; body_font_size=&#8221;19px&#8221; custom_read_more=&#8221;on&#8221; read_more_text_size=&#8221;14px&#8221; read_more_text_color=&#8221;#FFFFFF&#8221; read_more_bg_color=&#8221;#FC2560&#8243; read_more_border_color=&#8221;RGBA(255,255,255,0)&#8221; read_more_use_icon=&#8221;off&#8221; global_colors_info=&#8221;{}&#8221;][\/et_pb_blog_extras][\/et_pb_column][et_pb_column type=&#8221;1_3&#8243; _builder_version=&#8221;4.17.6&#8243; _module_preset=&#8221;default&#8221; global_colors_info=&#8221;{}&#8221;][et_pb_blog_extras posts_number=&#8221;2&#8243; offset_number=&#8221;2&#8243; blog_layout=&#8221;full_width_background&#8221; show_thumbnail=&#8221;off&#8221; excerpt_length=&#8221;120&#8243; use_read_more_button=&#8221;on&#8221; read_more_text=&#8221;Leer m\u00e1s&#8221; show_categories=&#8221;off&#8221; _builder_version=&#8221;4.17.6&#8243; _module_preset=&#8221;default&#8221; header_font_size=&#8221;23px&#8221; body_font=&#8221;Source Sans Pro||||||||&#8221; body_font_size=&#8221;19px&#8221; custom_read_more=&#8221;on&#8221; read_more_text_size=&#8221;14px&#8221; read_more_text_color=&#8221;#FFFFFF&#8221; read_more_bg_color=&#8221;#FC2560&#8243; read_more_border_color=&#8221;RGBA(255,255,255,0)&#8221; global_colors_info=&#8221;{}&#8221;][\/et_pb_blog_extras][\/et_pb_column][\/et_pb_row][et_pb_row _builder_version=&#8221;4.17.6&#8243; _module_preset=&#8221;default&#8221; global_colors_info=&#8221;{}&#8221;][et_pb_column type=&#8221;4_4&#8243; _builder_version=&#8221;4.17.6&#8243; _module_preset=&#8221;default&#8221; global_colors_info=&#8221;{}&#8221;][et_pb_text _builder_version=&#8221;4.17.6&#8243; _module_preset=&#8221;default&#8221; text_text_color=&#8221;#3e2044&#8243; global_colors_info=&#8221;{}&#8221;]<\/p>\n<h4>Publicaciones Anteriores<\/h4>\n<p>[\/et_pb_text][et_pb_blog_extras posts_number=&#8221;5&#8243; offset_number=&#8221;4&#8243; blog_layout=&#8221;full_width&#8221; use_read_more_button=&#8221;on&#8221; _builder_version=&#8221;4.17.6&#8243; _module_preset=&#8221;default&#8221; header_font=&#8221;Candal||||||||&#8221; header_font_size=&#8221;26px&#8221; body_font=&#8221;Source Sans Pro||||||||&#8221; body_font_size=&#8221;19px&#8221; body_line_height=&#8221;1.4em&#8221; custom_read_more=&#8221;on&#8221; read_more_text_size=&#8221;14px&#8221; read_more_text_color=&#8221;#FFFFFF&#8221; read_more_bg_color=&#8221;#FC2560&#8243; read_more_border_color=&#8221;RGBA(255,255,255,0)&#8221; global_colors_info=&#8221;{}&#8221;][\/et_pb_blog_extras][\/et_pb_column][\/et_pb_row][\/et_pb_section]<\/p>\n","protected":false},"excerpt":{"rendered":"<p>Mosaico Blog\u00a1El mundo del marketing digital cambia much\u00edsimo! Y eso nos encanta. Pero por lo mismo, es f\u00e1cil perderse en el universo de informaci\u00f3n que existe alrededor del tema. Nosotros somos apasionados y expertos en el uso de \u00e9stas plataformas y creamos este blog para darte una especie de &#8220;mapa&#8221; para que encuentres tu camino en este fascinante entorno . En este blog podr\u00e1s leer sobre las ultimas actualizaciones, mejores pr\u00e1cticas y estrategias del marketing digital para que tu negocio crezca apoy\u00e1ndose de la pl\u00e9tora de herramientas que ofrece el mundo digital hoy en d\u00eda.\u00a0 Nuestro objetivo es compartir la informaci\u00f3n m\u00e1s actual y relevante con un enfoque pr\u00e1ctico y ligero, para que puedas poner en marcha tu publicidad de manera estrat\u00e9gica y veas resultados en tu negocio. Si tienes alguna pregunta, deja un comentario o s\u00edguenos en redes y escr\u00edbenos cualquier duda que tengas. \u00a1Estamos para ayudarte!Publicaciones Anteriores<\/p>","protected":false},"author":4,"featured_media":0,"parent":0,"menu_order":0,"comment_status":"closed","ping_status":"closed","template":"","meta":{"_et_pb_use_builder":"on","_et_pb_old_content":"","_et_gb_content_width":"","om_disable_all_campaigns":false,"_monsterinsights_skip_tracking":false,"_monsterinsights_sitenote_active":false,"_monsterinsights_sitenote_note":"","_monsterinsights_sitenote_category":0,"_uf_show_specific_survey":0,"_uf_disable_surveys":false,"cybocfi_hide_featured_image":"","footnotes":""},"class_list":["post-100755","page","type-page","status-publish","hentry"],"aioseo_notices":[],"yoast_head":"<!-- This site is optimized with the Yoast SEO plugin v27.4 - https:\/\/yoast.com\/product\/yoast-seo-wordpress\/ -->\n<title>Blog - Mosaico Marketing<\/title>\n<meta name=\"robots\" content=\"index, follow, max-snippet:-1, max-image-preview:large, max-video-preview:-1\" \/>\n<link rel=\"canonical\" href=\"https:\/\/www.mosaicomarketing.net\/es\/blog\/\" \/>\n<meta property=\"og:locale\" content=\"es_MX\" \/>\n<meta property=\"og:type\" content=\"article\" \/>\n<meta property=\"og:title\" content=\"Blog - Mosaico Marketing\" \/>\n<meta property=\"og:description\" content=\"Mosaico Blog\u00a1El mundo del marketing digital cambia much\u00edsimo! Y eso nos encanta. Pero por lo mismo, es f\u00e1cil perderse en el universo de informaci\u00f3n que existe alrededor del tema. Nosotros somos apasionados y expertos en el uso de \u00e9stas plataformas y creamos este blog para darte una especie de &quot;mapa&quot; para que encuentres tu camino en este fascinante entorno . En este blog podr\u00e1s leer sobre las ultimas actualizaciones, mejores pr\u00e1cticas y estrategias del marketing digital para que tu negocio crezca apoy\u00e1ndose de la pl\u00e9tora de herramientas que ofrece el mundo digital hoy en d\u00eda.\u00a0 Nuestro objetivo es compartir la informaci\u00f3n m\u00e1s actual y relevante con un enfoque pr\u00e1ctico y ligero, para que puedas poner en marcha tu publicidad de manera estrat\u00e9gica y veas resultados en tu negocio. Si tienes alguna pregunta, deja un comentario o s\u00edguenos en redes y escr\u00edbenos cualquier duda que tengas. \u00a1Estamos para ayudarte!Publicaciones Anteriores\" \/>\n<meta property=\"og:url\" content=\"https:\/\/www.mosaicomarketing.net\/es\/blog\/\" \/>\n<meta property=\"og:site_name\" content=\"Mosaico Marketing\" \/>\n<meta property=\"article:modified_time\" content=\"2022-08-17T22:51:42+00:00\" \/>\n<meta name=\"twitter:card\" content=\"summary_large_image\" \/>\n<meta name=\"twitter:label1\" content=\"Tiempo de lectura\" \/>\n\t<meta name=\"twitter:data1\" content=\"2 minutos\" \/>\n<script type=\"application\/ld+json\" class=\"yoast-schema-graph\">{\"@context\":\"https:\\\/\\\/schema.org\",\"@graph\":[{\"@type\":\"WebPage\",\"@id\":\"https:\\\/\\\/www.mosaicomarketing.net\\\/blog\\\/\",\"url\":\"https:\\\/\\\/www.mosaicomarketing.net\\\/blog\\\/\",\"name\":\"Blog - Mosaico Marketing\",\"isPartOf\":{\"@id\":\"https:\\\/\\\/www.mosaicomarketing.net\\\/#website\"},\"datePublished\":\"2022-07-18T20:44:20+00:00\",\"dateModified\":\"2022-08-17T22:51:42+00:00\",\"breadcrumb\":{\"@id\":\"https:\\\/\\\/www.mosaicomarketing.net\\\/blog\\\/#breadcrumb\"},\"inLanguage\":\"es\",\"potentialAction\":[{\"@type\":\"ReadAction\",\"target\":[\"https:\\\/\\\/www.mosaicomarketing.net\\\/blog\\\/\"]}]},{\"@type\":\"BreadcrumbList\",\"@id\":\"https:\\\/\\\/www.mosaicomarketing.net\\\/blog\\\/#breadcrumb\",\"itemListElement\":[{\"@type\":\"ListItem\",\"position\":1,\"name\":\"Home\",\"item\":\"https:\\\/\\\/www.mosaicomarketing.net\\\/\"},{\"@type\":\"ListItem\",\"position\":2,\"name\":\"Blog\"}]},{\"@type\":\"WebSite\",\"@id\":\"https:\\\/\\\/www.mosaicomarketing.net\\\/#website\",\"url\":\"https:\\\/\\\/www.mosaicomarketing.net\\\/\",\"name\":\"Mosaico Marketing\",\"description\":\"We generate clients for your business\",\"potentialAction\":[{\"@type\":\"SearchAction\",\"target\":{\"@type\":\"EntryPoint\",\"urlTemplate\":\"https:\\\/\\\/www.mosaicomarketing.net\\\/?s={search_term_string}\"},\"query-input\":{\"@type\":\"PropertyValueSpecification\",\"valueRequired\":true,\"valueName\":\"search_term_string\"}}],\"inLanguage\":\"es\"}]}<\/script>\n<!-- \/ Yoast SEO plugin. -->","yoast_head_json":{"title":"Blog - Mosaico Marketing","robots":{"index":"index","follow":"follow","max-snippet":"max-snippet:-1","max-image-preview":"max-image-preview:large","max-video-preview":"max-video-preview:-1"},"canonical":"https:\/\/www.mosaicomarketing.net\/es\/blog\/","og_locale":"es_MX","og_type":"article","og_title":"Blog - Mosaico Marketing","og_description":"Mosaico Blog\u00a1El mundo del marketing digital cambia much\u00edsimo! Y eso nos encanta. Pero por lo mismo, es f\u00e1cil perderse en el universo de informaci\u00f3n que existe alrededor del tema. Nosotros somos apasionados y expertos en el uso de \u00e9stas plataformas y creamos este blog para darte una especie de \"mapa\" para que encuentres tu camino en este fascinante entorno . En este blog podr\u00e1s leer sobre las ultimas actualizaciones, mejores pr\u00e1cticas y estrategias del marketing digital para que tu negocio crezca apoy\u00e1ndose de la pl\u00e9tora de herramientas que ofrece el mundo digital hoy en d\u00eda.\u00a0 Nuestro objetivo es compartir la informaci\u00f3n m\u00e1s actual y relevante con un enfoque pr\u00e1ctico y ligero, para que puedas poner en marcha tu publicidad de manera estrat\u00e9gica y veas resultados en tu negocio. Si tienes alguna pregunta, deja un comentario o s\u00edguenos en redes y escr\u00edbenos cualquier duda que tengas. \u00a1Estamos para ayudarte!Publicaciones Anteriores","og_url":"https:\/\/www.mosaicomarketing.net\/es\/blog\/","og_site_name":"Mosaico Marketing","article_modified_time":"2022-08-17T22:51:42+00:00","twitter_card":"summary_large_image","twitter_misc":{"Tiempo de lectura":"2 minutos"},"schema":{"@context":"https:\/\/schema.org","@graph":[{"@type":"WebPage","@id":"https:\/\/www.mosaicomarketing.net\/blog\/","url":"https:\/\/www.mosaicomarketing.net\/blog\/","name":"Blog - Mosaico Marketing","isPartOf":{"@id":"https:\/\/www.mosaicomarketing.net\/#website"},"datePublished":"2022-07-18T20:44:20+00:00","dateModified":"2022-08-17T22:51:42+00:00","breadcrumb":{"@id":"https:\/\/www.mosaicomarketing.net\/blog\/#breadcrumb"},"inLanguage":"es","potentialAction":[{"@type":"ReadAction","target":["https:\/\/www.mosaicomarketing.net\/blog\/"]}]},{"@type":"BreadcrumbList","@id":"https:\/\/www.mosaicomarketing.net\/blog\/#breadcrumb","itemListElement":[{"@type":"ListItem","position":1,"name":"Home","item":"https:\/\/www.mosaicomarketing.net\/"},{"@type":"ListItem","position":2,"name":"Blog"}]},{"@type":"WebSite","@id":"https:\/\/www.mosaicomarketing.net\/#website","url":"https:\/\/www.mosaicomarketing.net\/","name":"Mosaico Marketing","description":"Generamos clientes para tu negocio","potentialAction":[{"@type":"SearchAction","target":{"@type":"EntryPoint","urlTemplate":"https:\/\/www.mosaicomarketing.net\/?s={search_term_string}"},"query-input":{"@type":"PropertyValueSpecification","valueRequired":true,"valueName":"search_term_string"}}],"inLanguage":"es"}]}},"_links":{"self":[{"href":"https:\/\/www.mosaicomarketing.net\/es\/wp-json\/wp\/v2\/pages\/100755","targetHints":{"allow":["GET"]}}],"collection":[{"href":"https:\/\/www.mosaicomarketing.net\/es\/wp-json\/wp\/v2\/pages"}],"about":[{"href":"https:\/\/www.mosaicomarketing.net\/es\/wp-json\/wp\/v2\/types\/page"}],"author":[{"embeddable":true,"href":"https:\/\/www.mosaicomarketing.net\/es\/wp-json\/wp\/v2\/users\/4"}],"replies":[{"embeddable":true,"href":"https:\/\/www.mosaicomarketing.net\/es\/wp-json\/wp\/v2\/comments?post=100755"}],"version-history":[{"count":5,"href":"https:\/\/www.mosaicomarketing.net\/es\/wp-json\/wp\/v2\/pages\/100755\/revisions"}],"predecessor-version":[{"id":101000,"href":"https:\/\/www.mosaicomarketing.net\/es\/wp-json\/wp\/v2\/pages\/100755\/revisions\/101000"}],"wp:attachment":[{"href":"https:\/\/www.mosaicomarketing.net\/es\/wp-json\/wp\/v2\/media?parent=100755"}],"curies":[{"name":"wp","href":"https:\/\/api.w.org\/{rel}","templated":true}]}}